{"id":8958,"date":"2024-11-04T11:17:16","date_gmt":"2024-11-04T11:17:16","guid":{"rendered":"https:\/\/saleemx.com\/?post_type=product&#038;p=8958"},"modified":"2024-11-04T11:37:13","modified_gmt":"2024-11-04T11:37:13","slug":"white-mulberry-flour-250-gr","status":"publish","type":"product","link":"https:\/\/saleemx.com\/ar\/\u0627\u0644\u0645\u0646\u062a\u062c\/white-mulberry-flour-250-gr","title":{"rendered":"\u062f\u0642\u064a\u0642 \u0627\u0644\u062a\u0648\u062a \u0627\u0644\u0623\u0628\u064a\u0636 250 \u062c\u0645"},"content":{"rendered":"<p>Beyaz Dut Unu 250 gr<br \/>\nGluno Glutensiz Beyaz Dut Unu 250g Gluten i\u00e7ermez. \u00c7apraz bula\u015fma olmayan \u00fcretim alan\u0131nda \u00fcretilip paketlenmi\u015ftir. Kek, pasta ve di\u011fer hamur i\u015flerinizde tatl\u0131larda ve i\u00e7eceklerde kullanabilirsiniz. \u015eeker yerine tarifelerinize ilave edebilirsiniz. Her kullan\u0131mdan sonra ambalaj\u0131 hava ve nem almayacak \u015fekilde kapat\u0131n\u0131z. G\u00fcne\u015f \u0131\u015f\u0131\u011f\u0131ndan uzak kuru ve serin bir yerde muhafaza ediniz. Yap\u0131s\u0131 gere\u011fi topaklanabilir. Havanda ezerek yada \u00f6\u011f\u00fcterek kullanabilirsiniz. T\u00fcrk G\u0131da Kodeksine uygun olarak \u00fcretilmi\u015ftir.<\/p>\n<table>\n<tr>\n<th>Spec<\/th>\n<th>Value<\/th>\n<\/tr>\n<\/table>\n","protected":false},"excerpt":{"rendered":"<p>Beyaz Dut Unu 250 gr Gluno Glutensiz Beyaz Dut Unu 250g Gluten i\u00e7ermez. \u00c7apraz bula\u015fma olmayan \u00fcretim alan\u0131nda \u00fcretilip paketlenmi\u015ftir. Kek, pasta ve di\u011fer hamur i\u015flerinizde tatl\u0131larda ve i\u00e7eceklerde kullanabilirsiniz. \u015eeker yerine tarifelerinize ilave edebilirsiniz. Her kullan\u0131mdan sonra ambalaj\u0131 hava ve nem almayacak \u015fekilde kapat\u0131n\u0131z. G\u00fcne\u015f \u0131\u015f\u0131\u011f\u0131ndan uzak kuru ve serin bir yerde muhafaza ediniz. [&hellip;]<\/p>\n","protected":false},"featured_media":0,"comment_status":"open","ping_status":"closed","template":"","meta":[],"product_brand":[],"product_cat":[160,164,166],"product_tag":[],"class_list":{"0":"post-8958","1":"product","2":"type-product","3":"status-publish","5":"product_cat-160","6":"product_cat-164","7":"product_cat-166","9":"first","10":"instock","11":"sale","12":"featured","13":"shipping-taxable","14":"purchasable","15":"product-type-variable","16":"has-default-attributes","17":"add-to-wishlist-after_add_to_cart"},"_links":{"self":[{"href":"https:\/\/saleemx.com\/ar\/wp-json\/wp\/v2\/product\/8958","targetHints":{"allow":["GET"]}}],"collection":[{"href":"https:\/\/saleemx.com\/ar\/wp-json\/wp\/v2\/product"}],"about":[{"href":"https:\/\/saleemx.com\/ar\/wp-json\/wp\/v2\/types\/product"}],"replies":[{"embeddable":true,"href":"https:\/\/saleemx.com\/ar\/wp-json\/wp\/v2\/comments?post=8958"}],"wp:attachment":[{"href":"https:\/\/saleemx.com\/ar\/wp-json\/wp\/v2\/media?parent=8958"}],"wp:term":[{"taxonomy":"product_brand","embeddable":true,"href":"https:\/\/saleemx.com\/ar\/wp-json\/wp\/v2\/product_brand?post=8958"},{"taxonomy":"product_cat","embeddable":true,"href":"https:\/\/saleemx.com\/ar\/wp-json\/wp\/v2\/product_cat?post=8958"},{"taxonomy":"product_tag","embeddable":true,"href":"https:\/\/saleemx.com\/ar\/wp-json\/wp\/v2\/product_tag?post=8958"}],"curies":[{"name":"wp","href":"https:\/\/api.w.org\/{rel}","templated":true}]}}