{"id":8947,"date":"2024-11-04T11:17:05","date_gmt":"2024-11-04T11:17:05","guid":{"rendered":"https:\/\/saleemx.com\/?post_type=product&#038;p=8947"},"modified":"2024-11-04T11:27:25","modified_gmt":"2024-11-04T11:27:25","slug":"silymarin-milk-thistle-food-supplement","status":"publish","type":"product","link":"https:\/\/saleemx.com\/ar\/\u0627\u0644\u0645\u0646\u062a\u062c\/silymarin-milk-thistle-food-supplement","title":{"rendered":"\u0645\u0643\u0645\u0644 \u063a\u0630\u0627\u0626\u064a \u0633\u064a\u0644\u064a\u0645\u0627\u0631\u064a\u0646 (\u062d\u0644\u064a\u0628 \u0627\u0644\u0634\u0648\u0643)."},"content":{"rendered":"<p>Silimarin (Deve Dikeni) Takviye Edici G\u0131da<br \/>\n\u0130\u00e7indekiler: [Kalsiyum fosfatlar (Dikalsiyum fosfat)], Devedikeni (Silybum marianum) Ekstresi, Kaps\u00fcl kabu\u011fu bile\u015feni (Hidroksipropil metil sel\u00fcloz), Topaklanmay\u0131 \u00f6nleyici (Ya\u011f asitlerinin magnezyum tuzlar\u0131 ve silikon dioksit). Net Miktar: 60 Kaps\u00fclMen\u015fe \u00dclke: T\u00fcrkiye (Devedikeni\u2019nin men\u015fe \u00fclkesi Bel\u00e7ika\u2019 d\u0131r.)Takviye Edici G\u0131da Onay Numaras\u0131: 006970-09.01.2020Tavsiye Edilen G\u00fcnl\u00fck Al\u0131m Dozu:G\u00fcnde 2 kaps\u00fcl al\u0131nmas\u0131 \u00f6nerilir.11 ya\u015f ve \u00fczeri bireylerin kullan\u0131m\u0131na y\u00f6neliktir.Saklama Ko\u015fullar\u0131:25\u00b0C\u2019nin alt\u0131nda serin ve kuru yerlerde muhafaza ediniz. ETKEN MADDE M\u0130KTAR (2 KAPS\u00dcL) Devedikeni (Silybum marianum) Ekstresi 300 mg Silimarin 240 mg<\/p>\n<table>\n<tr>\n<th>Spec<\/th>\n<th>Value<\/th>\n<\/tr>\n<tr>\n<td>Form<\/td>\n<td>Kaps\u00fcl<\/td>\n<\/tr>\n<tr>\n<td>\u0631\u0627\u0626\u062d\u0629<\/td>\n<td>\u0628\u062f\u0648\u0646 \u0646\u0643\u0647\u0629<\/td>\n<\/tr>\n<tr>\n<td>\u0639\u062f\u062f \u0645\u062d\u062a\u0648\u064a\u0627\u062a \u0627\u0644\u0645\u062c\u0645\u0648\u0639\u0629<\/td>\n<td>1<\/td>\n<\/tr>\n<\/table>\n","protected":false},"excerpt":{"rendered":"<p>Silimarin (Deve Dikeni) Takviye Edici G\u0131da \u0130\u00e7indekiler: [Kalsiyum fosfatlar (Dikalsiyum fosfat)], Devedikeni (Silybum marianum) Ekstresi, Kaps\u00fcl kabu\u011fu bile\u015feni (Hidroksipropil metil sel\u00fcloz), Topaklanmay\u0131 \u00f6nleyici (Ya\u011f asitlerinin magnezyum tuzlar\u0131 ve silikon dioksit). Net Miktar: 60 Kaps\u00fclMen\u015fe \u00dclke: T\u00fcrkiye (Devedikeni\u2019nin men\u015fe \u00fclkesi Bel\u00e7ika\u2019 d\u0131r.)Takviye Edici G\u0131da Onay Numaras\u0131: 006970-09.01.2020Tavsiye Edilen G\u00fcnl\u00fck Al\u0131m Dozu:G\u00fcnde 2 kaps\u00fcl al\u0131nmas\u0131 \u00f6nerilir.11 ya\u015f [&hellip;]<\/p>\n","protected":false},"featured_media":0,"comment_status":"open","ping_status":"closed","template":"","meta":[],"product_brand":[261],"product_cat":[157,152,160,155,156,158,151,159,164,398,166],"product_tag":[],"class_list":{"0":"post-8947","1":"product","2":"type-product","3":"status-publish","5":"product_brand-venatura-ar","6":"product_cat-157","7":"product_cat-152","8":"product_cat-160","9":"product_cat-155","10":"product_cat-156","11":"product_cat-158","12":"product_cat-151","13":"product_cat-159","14":"product_cat-164","15":"product_cat-398","16":"product_cat-166","18":"first","19":"instock","20":"sale","21":"featured","22":"shipping-taxable","23":"purchasable","24":"product-type-variable","25":"has-default-attributes","26":"add-to-wishlist-after_add_to_cart"},"_links":{"self":[{"href":"https:\/\/saleemx.com\/ar\/wp-json\/wp\/v2\/product\/8947","targetHints":{"allow":["GET"]}}],"collection":[{"href":"https:\/\/saleemx.com\/ar\/wp-json\/wp\/v2\/product"}],"about":[{"href":"https:\/\/saleemx.com\/ar\/wp-json\/wp\/v2\/types\/product"}],"replies":[{"embeddable":true,"href":"https:\/\/saleemx.com\/ar\/wp-json\/wp\/v2\/comments?post=8947"}],"wp:attachment":[{"href":"https:\/\/saleemx.com\/ar\/wp-json\/wp\/v2\/media?parent=8947"}],"wp:term":[{"taxonomy":"product_brand","embeddable":true,"href":"https:\/\/saleemx.com\/ar\/wp-json\/wp\/v2\/product_brand?post=8947"},{"taxonomy":"product_cat","embeddable":true,"href":"https:\/\/saleemx.com\/ar\/wp-json\/wp\/v2\/product_cat?post=8947"},{"taxonomy":"product_tag","embeddable":true,"href":"https:\/\/saleemx.com\/ar\/wp-json\/wp\/v2\/product_tag?post=8947"}],"curies":[{"name":"wp","href":"https:\/\/api.w.org\/{rel}","templated":true}]}}