{"id":7735,"date":"2024-09-02T15:40:35","date_gmt":"2024-09-02T15:40:35","guid":{"rendered":"https:\/\/saleemx.com\/?post_type=product&#038;p=7735"},"modified":"2024-09-02T15:48:16","modified_gmt":"2024-09-02T15:48:16","slug":"nab-diagonal-candle-short-4-5x10-cm","status":"publish","type":"product","link":"https:\/\/saleemx.com\/ar\/\u0627\u0644\u0645\u0646\u062a\u062c\/nab-diagonal-candle-short-4-5x10-cm","title":{"rendered":"\u0646\u064a\u0628. \u0634\u0645\u0639\u0629 \u0642\u0637\u0631\u064a\u0629 \u0642\u0635\u064a\u0631\u0629 4.5&#215;10 \u0633\u0645"},"content":{"rendered":"<p>&nbsp;<\/p>\n<p><strong>\u0634\u0645\u0639\u0629 \u0645\u0627\u0626\u0644\u0629 \u0642\u0635\u064a\u0631\u0629 4.5&#215;10 \u0633\u0645<\/strong><\/p>\n<p><strong>\u0627\u0644\u0627\u0633\u062a\u062e\u062f\u0627\u0645:<\/strong> \u0642\u0628\u0644 \u0627\u0644\u0625\u0636\u0627\u0621\u0629\u060c \u0642\u0635\u0631 \u0627\u0644\u0641\u062a\u064a\u0644 \u0625\u0644\u0649 1 \u0633\u0645. \u0623\u0637\u0641\u0626 \u0627\u0644\u0634\u0645\u0639\u0629 \u0628\u0639\u062f \u062d\u0631\u0642\u0647\u0627 \u0644\u0645\u062f\u0629 \u0633\u0627\u0639\u0629 \u0648\u0627\u062d\u062f\u0629. \u0625\u0630\u0627 \u0627\u0646\u062a\u0638\u0631\u062a \u062d\u062a\u0649 \u062a\u062a\u062c\u0645\u062f \u0642\u0628\u0644 \u0625\u0639\u0627\u062f\u0629 \u0625\u0634\u0639\u0627\u0644\u0647\u0627\u060c \u0641\u0625\u0646 \u0639\u0645\u0631 \u0627\u0644\u0634\u0645\u0639\u0629 \u0633\u064a\u062a\u0645\u062f\u062f.<\/p>\n<p><strong>\u0634\u0645\u0639\u0629 \u0645\u0627\u0626\u0644\u0629 \u0642\u0635\u064a\u0631\u0629 4.5&#215;10 \u0633\u0645<\/strong><\/p>\n<p><strong>\u0627\u0644\u062a\u0639\u0644\u064a\u0642\u0627\u062a \u0627\u0644\u0625\u064a\u062c\u0627\u0628\u064a\u0629:<\/strong> 100% \u0645\u062d\u062a\u0648\u0649 \u0637\u0628\u064a\u0639\u064a<\/p>\n<p><strong>\u0634\u0645\u0639\u0629 \u0645\u0627\u0626\u0644\u0629 \u0642\u0635\u064a\u0631\u0629 4.5&#215;10 \u0633\u0645<\/strong><\/p>\n<p><strong>\u0644\u0627 \u062a\u062d\u062a\u0648\u064a \u0639\u0644\u0649:<\/strong> \u0645\u0634\u062a\u0642\u0627\u062a \u0627\u0644\u062e\u0646\u0632\u064a\u0631\u060c \u0645\u0646\u062a\u062c\u0627\u062a \u0627\u0644\u0644\u062d\u0648\u0645\u060c \u0627\u0644\u0643\u0627\u0626\u0646\u0627\u062a \u0627\u0644\u0645\u0639\u062f\u0644\u0629 \u0648\u0631\u0627\u062b\u064a\u064b\u0627\u060c \u0627\u0644\u0645\u0648\u0627\u062f \u0627\u0644\u062d\u0627\u0641\u0638\u0629\u060c \u0645\u0648\u0627\u062f \u0627\u0644\u062a\u0644\u0648\u064a\u0646<\/p>\n<p><strong>\u0627\u0644\u062c\u0646\u0633:<\/strong> \u0630\u0643\u0631\u060c \u0623\u0646\u062b\u0649<\/p>\n<table>\n<tr>\n<th>Spec<\/th>\n<th>Value<\/th>\n<\/tr>\n<tr>\n<td>\u0644\u0648\u0646<\/td>\n<td>\u00c7ok Renkli<\/td>\n<\/tr>\n<tr>\n<td>Par\u00e7a Say\u0131s\u0131<\/td>\n<td>4<\/td>\n<\/tr>\n<\/table>\n","protected":false},"excerpt":{"rendered":"<p>&nbsp; \u0634\u0645\u0639\u0629 \u0645\u0627\u0626\u0644\u0629 \u0642\u0635\u064a\u0631\u0629 4.5&#215;10 \u0633\u0645 \u0627\u0644\u0627\u0633\u062a\u062e\u062f\u0627\u0645: \u0642\u0628\u0644 \u0627\u0644\u0625\u0636\u0627\u0621\u0629\u060c \u0642\u0635\u0631 \u0627\u0644\u0641\u062a\u064a\u0644 \u0625\u0644\u0649 1 \u0633\u0645. \u0623\u0637\u0641\u0626 \u0627\u0644\u0634\u0645\u0639\u0629 \u0628\u0639\u062f \u062d\u0631\u0642\u0647\u0627 \u0644\u0645\u062f\u0629 \u0633\u0627\u0639\u0629 \u0648\u0627\u062d\u062f\u0629. \u0625\u0630\u0627 \u0627\u0646\u062a\u0638\u0631\u062a \u062d\u062a\u0649 \u062a\u062a\u062c\u0645\u062f \u0642\u0628\u0644 \u0625\u0639\u0627\u062f\u0629 \u0625\u0634\u0639\u0627\u0644\u0647\u0627\u060c \u0641\u0625\u0646 \u0639\u0645\u0631 \u0627\u0644\u0634\u0645\u0639\u0629 \u0633\u064a\u062a\u0645\u062f\u062f. \u0634\u0645\u0639\u0629 \u0645\u0627\u0626\u0644\u0629 \u0642\u0635\u064a\u0631\u0629 4.5&#215;10 \u0633\u0645 \u0627\u0644\u062a\u0639\u0644\u064a\u0642\u0627\u062a \u0627\u0644\u0625\u064a\u062c\u0627\u0628\u064a\u0629: 100% \u0645\u062d\u062a\u0648\u0649 \u0637\u0628\u064a\u0639\u064a \u0634\u0645\u0639\u0629 \u0645\u0627\u0626\u0644\u0629 \u0642\u0635\u064a\u0631\u0629 4.5&#215;10 \u0633\u0645 \u0644\u0627 \u062a\u062d\u062a\u0648\u064a \u0639\u0644\u0649: \u0645\u0634\u062a\u0642\u0627\u062a \u0627\u0644\u062e\u0646\u0632\u064a\u0631\u060c \u0645\u0646\u062a\u062c\u0627\u062a \u0627\u0644\u0644\u062d\u0648\u0645\u060c \u0627\u0644\u0643\u0627\u0626\u0646\u0627\u062a [&hellip;]<\/p>\n","protected":false},"featured_media":0,"comment_status":"open","ping_status":"closed","template":"","meta":[],"product_brand":[],"product_cat":[149,148],"product_tag":[],"class_list":{"0":"post-7735","1":"product","2":"type-product","3":"status-publish","5":"product_cat-149","6":"product_cat-148","8":"first","9":"instock","10":"sale","11":"featured","12":"shipping-taxable","13":"purchasable","14":"product-type-variable","15":"has-default-attributes","16":"add-to-wishlist-after_add_to_cart"},"_links":{"self":[{"href":"https:\/\/saleemx.com\/ar\/wp-json\/wp\/v2\/product\/7735","targetHints":{"allow":["GET"]}}],"collection":[{"href":"https:\/\/saleemx.com\/ar\/wp-json\/wp\/v2\/product"}],"about":[{"href":"https:\/\/saleemx.com\/ar\/wp-json\/wp\/v2\/types\/product"}],"replies":[{"embeddable":true,"href":"https:\/\/saleemx.com\/ar\/wp-json\/wp\/v2\/comments?post=7735"}],"wp:attachment":[{"href":"https:\/\/saleemx.com\/ar\/wp-json\/wp\/v2\/media?parent=7735"}],"wp:term":[{"taxonomy":"product_brand","embeddable":true,"href":"https:\/\/saleemx.com\/ar\/wp-json\/wp\/v2\/product_brand?post=7735"},{"taxonomy":"product_cat","embeddable":true,"href":"https:\/\/saleemx.com\/ar\/wp-json\/wp\/v2\/product_cat?post=7735"},{"taxonomy":"product_tag","embeddable":true,"href":"https:\/\/saleemx.com\/ar\/wp-json\/wp\/v2\/product_tag?post=7735"}],"curies":[{"name":"wp","href":"https:\/\/api.w.org\/{rel}","templated":true}]}}