{"id":7072,"date":"2024-08-16T19:03:33","date_gmt":"2024-08-16T19:03:33","guid":{"rendered":"https:\/\/saleemx.com\/?post_type=product&#038;p=7072"},"modified":"2024-08-16T19:07:26","modified_gmt":"2024-08-16T19:07:26","slug":"whey-protein-chocolate-brownie-2250g","status":"publish","type":"product","link":"https:\/\/saleemx.com\/ar\/\u0627\u0644\u0645\u0646\u062a\u062c\/whey-protein-chocolate-brownie-2250g","title":{"rendered":"\u0628\u0631\u0648\u062a\u064a\u0646 \u0645\u0635\u0644 \u0627\u0644\u0644\u0628\u0646 &#8211; \u0627\u0644\u0634\u0648\u0643\u0648\u0644\u0627\u062a\u0629 \u0648\u0627\u0644\u0628\u0631\u0627\u0648\u0646\u064a 2250 \u062c\u0631\u0627\u0645"},"content":{"rendered":"<p>Whey Protein &#8211; \u00c7ikolata &amp; Browni 2250g<br \/>\n\u00c7ikolata \u0130\u00e7indekiler: %80 konsantre peynir alt\u0131 suyu proteini (em\u00fclgat\u00f6r: ay\u00e7i\u00e7e\u011fi lesitini, topaklanmay\u0131 \u00f6nleyici: kalsiyum fosfat), %14,5 izole peynir alt\u0131 suyu proteini (em\u00fclgat\u00f6r: ay\u00e7i\u00e7e\u011fi lesitini), aroma verici, bu\u011fday lifi (gluten i\u00e7ermez), stabilizat\u00f6rler (akasya gam\u0131, ksantan gam), topaklanmay\u0131 \u00f6nleyici (silikon dioksit), sodyum klor\u00fcr, sindirim enzimleri kar\u0131\u015f\u0131m\u0131 Digezyme\u00ae (amilaz, proteaz, laktaz, lipaz ve sel\u00fclaz), tatland\u0131r\u0131c\u0131lar (sukraloz, steviol glikozitler). Kullan\u0131m amac\u0131: Bu \u00fcr\u00fcn y\u00fcksek kalitede protein al\u0131m\u0131n\u0131, kas k\u00fctlesi olu\u015fumunu ve korunmas\u0131n\u0131 desteklemek, diyet yapanlar\u0131n veya ketojenik diyet yapanlar\u0131n beslenmelerindeki bo\u015flu\u011fu doldurmak i\u00e7in dizayn edilmi\u015ftir. Vejetaryenler i\u00e7in ugundur. Porsiyonda 22g protein Her porsiyonda 5000mg BCAA \u00c7abuk haz\u0131rlanabilir whey protein ( WPC, WPI) Kolay \u00e7\u00f6z\u00fcn\u00fcrl\u00fck Grass-fed Cow&#8217;s Whey Protein Sindirim enzimi ilaveli Kullan\u0131m \u015eekli : 1 porsiyon = 30 g \u00fcr\u00fcn 250 ml su ile.<\/p>\n<table>\n<tr>\n<th>Spec<\/th>\n<th>Value<\/th>\n<\/tr>\n<tr>\n<td>\u0631\u0627\u0626\u062d\u0629<\/td>\n<td>\u0634\u0648\u0643\u0648\u0644\u0627\u062a\u0629<\/td>\n<\/tr>\n<tr>\n<td>Servis<\/td>\n<td>75<\/td>\n<\/tr>\n<tr>\n<td>Gramaj<\/td>\n<td>2001-2499 gr<\/td>\n<\/tr>\n<\/table>\n","protected":false},"excerpt":{"rendered":"<p>Whey Protein &#8211; \u00c7ikolata &amp; Browni 2250g \u00c7ikolata \u0130\u00e7indekiler: %80 konsantre peynir alt\u0131 suyu proteini (em\u00fclgat\u00f6r: ay\u00e7i\u00e7e\u011fi lesitini, topaklanmay\u0131 \u00f6nleyici: kalsiyum fosfat), %14,5 izole peynir alt\u0131 suyu proteini (em\u00fclgat\u00f6r: ay\u00e7i\u00e7e\u011fi lesitini), aroma verici, bu\u011fday lifi (gluten i\u00e7ermez), stabilizat\u00f6rler (akasya gam\u0131, ksantan gam), topaklanmay\u0131 \u00f6nleyici (silikon dioksit), sodyum klor\u00fcr, sindirim enzimleri kar\u0131\u015f\u0131m\u0131 Digezyme\u00ae (amilaz, proteaz, laktaz, [&hellip;]<\/p>\n","protected":false},"featured_media":0,"comment_status":"open","ping_status":"closed","template":"","meta":[],"product_brand":[298],"product_cat":[152,151],"product_tag":[],"class_list":{"0":"post-7072","1":"product","2":"type-product","3":"status-publish","5":"product_brand-nutrend","6":"product_cat-152","7":"product_cat-151","9":"first","10":"instock","11":"sale","12":"featured","13":"shipping-taxable","14":"purchasable","15":"product-type-variable","16":"has-default-attributes","17":"add-to-wishlist-after_add_to_cart"},"_links":{"self":[{"href":"https:\/\/saleemx.com\/ar\/wp-json\/wp\/v2\/product\/7072","targetHints":{"allow":["GET"]}}],"collection":[{"href":"https:\/\/saleemx.com\/ar\/wp-json\/wp\/v2\/product"}],"about":[{"href":"https:\/\/saleemx.com\/ar\/wp-json\/wp\/v2\/types\/product"}],"replies":[{"embeddable":true,"href":"https:\/\/saleemx.com\/ar\/wp-json\/wp\/v2\/comments?post=7072"}],"wp:attachment":[{"href":"https:\/\/saleemx.com\/ar\/wp-json\/wp\/v2\/media?parent=7072"}],"wp:term":[{"taxonomy":"product_brand","embeddable":true,"href":"https:\/\/saleemx.com\/ar\/wp-json\/wp\/v2\/product_brand?post=7072"},{"taxonomy":"product_cat","embeddable":true,"href":"https:\/\/saleemx.com\/ar\/wp-json\/wp\/v2\/product_cat?post=7072"},{"taxonomy":"product_tag","embeddable":true,"href":"https:\/\/saleemx.com\/ar\/wp-json\/wp\/v2\/product_tag?post=7072"}],"curies":[{"name":"wp","href":"https:\/\/api.w.org\/{rel}","templated":true}]}}