{"id":3958,"date":"2024-05-27T12:28:15","date_gmt":"2024-05-27T12:28:15","guid":{"rendered":"https:\/\/saleemx.com\/%d8%aa%d9%88%d8%a7%d8%b5%d9%84-%d9%85%d8%b9%d9%86%d8%a7"},"modified":"2024-07-06T12:29:47","modified_gmt":"2024-07-06T12:29:47","slug":"%d8%aa%d9%88%d8%a7%d8%b5%d9%84-%d9%85%d8%b9%d9%86%d8%a7","status":"publish","type":"page","link":"https:\/\/saleemx.com\/ar\/%d8%aa%d9%88%d8%a7%d8%b5%d9%84-%d9%85%d8%b9%d9%86%d8%a7","title":{"rendered":"\u062a\u0648\u0627\u0635\u0644 \u0645\u0639\u0646\u0627"},"content":{"rendered":"<p><b>\u062a\u0648\u0627\u0635\u0644 \u0645\u0639\u0646\u0627<\/b><\/p>\n<h1 class=\"wp-block-heading\">\u00a0<\/h1>\n<p>\u0633\u0644\u064a\u0645 \u0625\u0643\u0633 \u0639\u0644\u0649 \u0627\u0633\u062a\u0639\u062f\u0627\u062f \u062f\u0627\u0626\u0645 \u0644\u0633\u0645\u0627\u0639\u0643\u060c \u0648\u0644\u0646 \u064a\u062a\u0648\u0627\u0646\u0649 \u0639\u0646 \u062a\u0642\u062f\u064a\u0645 \u0623\u0641\u0636\u0644 \u062e\u062f\u0645\u0629 \u0644\u0643 \u0641\u064a \u0643\u0644 \u0645\u0631\u0651\u0629\u060c \u0631\u0623\u064a\u0643 \u064a\u0647\u0645\u0646\u0627\u060c \u0643\u0646 \u0642\u0631\u064a\u0628\u064b\u0627 \u0648\u062a\u0648\u0627\u0635\u0644 \u0645\u0639\u0646\u0627 \u0645\u0646 \u062e\u0644\u0627\u0644 \u0648\u0633\u0627\u0626\u0644 \u0627\u0644\u062a\u0648\u0627\u0635\u0644 \u0627\u0644\u062a\u0627\u0644\u064a\u0629<\/p>\n<ul>\n<li style=\"font-weight: 400;\" aria-level=\"1\">\u0627\u0644\u0628\u0631\u064a\u062f \u0627\u0644\u0625\u0644\u0643\u062a\u0631\u0648\u0646\u064a:<a href=\"mailto:saleemX@info.com\">saleemX@info.com<\/a>\u00a0<\/li>\n<li style=\"font-weight: 400;\" aria-level=\"1\">\u0627\u0644\u0631\u0642\u0645 \u0627\u0644\u0633\u0627\u062e\u0646 : 22092091<\/li>\n<li style=\"font-weight: 400;\" aria-level=\"1\">\u0627\u0644\u0648\u0627\u062a\u0633 \u0622\u0628 : 92211685<\/li>\n<\/ul>\n<p>\u0643\u0645\u0627 \u064a\u0645\u0643\u0646\u0643\u0645 \u0627\u0644\u062a\u0648\u0627\u0635\u0644 \u0645\u0639\u0646\u0627 \u0639\u0628\u0631 \u0635\u0641\u062d\u0627\u062a\u0646\u0627 \u0627\u0644\u0645\u062e\u062a\u0644\u0641\u0629 \u0639\u0644\u0649 \u0645\u0648\u0627\u0642\u0639 \u0627\u0644\u062a\u0648\u0627\u0635\u0644 \u0627\u0644\u0627\u062c\u062a\u0645\u0627\u0639\u064a \u0627\u0644\u062a\u0627\u0644\u064a\u0629<\/p>\n<p>\u0627\u0646\u0633\u062a\u0627\u062c\u0631\u0627\u0645 &#8211; \u062a\u0648\u064a\u062a\u0631 &#8211; \u0641\u064a\u0633\u0628\u0648\u0643 &#8211; \u062a\u064a\u0643 \u062a\u0648\u0643<\/p><figure class=\"is-nowrap is-layout-flex wp-container-core-group-is-layout-ad2f72ca wp-block-group-is-layout-flex\"><img decoding=\"async\" style=\"width: 28px; height: auto;\" src=\"https:\/\/saleemx.com\/wp-content\/uploads\/2024\/05\/image-1.png\" alt=\"\" \/><\/figure><h5 class=\"wp-block-heading\">info@SaleemX.com<\/h5><p>\u00a0<\/p><h5 class=\"wp-block-heading\"><img decoding=\"async\" src=\"https:\/\/sinbado.com\/wp-content\/uploads\/2023\/12\/telephone-mobile-phones-computer-icons-logo-telephone-276x300.jpeg\" alt=\"\" width=\"20\" height=\"22\" \/> +90 212 813 37 51<\/h5><p>\u00a0<\/p><h5 class=\"wp-block-heading\"><img decoding=\"async\" src=\"https:\/\/sinbado.com\/wp-content\/uploads\/2023\/12\/png-clipart-iphone-whatsapp-logo-whatsapp-call-icon-grass-mobile-phones-300x300.png\" alt=\"\" width=\"25\" height=\"25\" \/> \u200e+90 552 567 67 04<\/h5><p>\u00a0<\/p><h4 class=\"wp-block-heading\">STOREJAN E-T\u0130CARET SANAY\u0130 VE T\u0130CARET L\u0130M\u0130TED \u015e\u0130RKET\u0130<\/h4><h4 class=\"wp-block-heading\">MERS\u0130S NO: 0781-0886-6680-0001<br \/>Vergi NO: 7810886668<\/h4><h4 class=\"wp-block-heading\">\u0639\u0646\u0648\u0627\u0646:<br \/>Huzur Mah., Azerbaycan Cd., Skyland \u0130stanbul No:4, Ofis 165-166, Sar\u0131yer\/\u0130stanbul<\/h4>","protected":false},"excerpt":{"rendered":"<p>\u062a\u0648\u0627\u0635\u0644 \u0645\u0639\u0646\u0627 \u00a0 \u0633\u0644\u064a\u0645 \u0625\u0643\u0633 \u0639\u0644\u0649 \u0627\u0633\u062a\u0639\u062f\u0627\u062f \u062f\u0627\u0626\u0645 \u0644\u0633\u0645\u0627\u0639\u0643\u060c \u0648\u0644\u0646 \u064a\u062a\u0648\u0627\u0646\u0649 \u0639\u0646 \u062a\u0642\u062f\u064a\u0645 \u0623\u0641\u0636\u0644 \u062e\u062f\u0645\u0629 \u0644\u0643 \u0641\u064a \u0643\u0644 \u0645\u0631\u0651\u0629\u060c \u0631\u0623\u064a\u0643 \u064a\u0647\u0645\u0646\u0627\u060c \u0643\u0646 \u0642\u0631\u064a\u0628\u064b\u0627 \u0648\u062a\u0648\u0627\u0635\u0644 \u0645\u0639\u0646\u0627 \u0645\u0646 \u062e\u0644\u0627\u0644 \u0648\u0633\u0627\u0626\u0644 \u0627\u0644\u062a\u0648\u0627\u0635\u0644 \u0627\u0644\u062a\u0627\u0644\u064a\u0629 \u0627\u0644\u0628\u0631\u064a\u062f \u0627\u0644\u0625\u0644\u0643\u062a\u0631\u0648\u0646\u064a:saleemX@info.com\u00a0 \u0627\u0644\u0631\u0642\u0645 \u0627\u0644\u0633\u0627\u062e\u0646 : 22092091 \u0627\u0644\u0648\u0627\u062a\u0633 \u0622\u0628 : 92211685 \u0643\u0645\u0627 \u064a\u0645\u0643\u0646\u0643\u0645 \u0627\u0644\u062a\u0648\u0627\u0635\u0644 \u0645\u0639\u0646\u0627 \u0639\u0628\u0631 \u0635\u0641\u062d\u0627\u062a\u0646\u0627 \u0627\u0644\u0645\u062e\u062a\u0644\u0641\u0629 \u0639\u0644\u0649 \u0645\u0648\u0627\u0642\u0639 \u0627\u0644\u062a\u0648\u0627\u0635\u0644 \u0627\u0644\u0627\u062c\u062a\u0645\u0627\u0639\u064a \u0627\u0644\u062a\u0627\u0644\u064a\u0629 \u0627\u0646\u0633\u062a\u0627\u062c\u0631\u0627\u0645 &#8211; \u062a\u0648\u064a\u062a\u0631 [&hellip;]<\/p>\n","protected":false},"author":1,"featured_media":0,"parent":0,"menu_order":0,"comment_status":"closed","ping_status":"closed","template":"","meta":{"footnotes":""},"class_list":["post-3958","page","type-page","status-publish","hentry"],"_links":{"self":[{"href":"https:\/\/saleemx.com\/ar\/wp-json\/wp\/v2\/pages\/3958","targetHints":{"allow":["GET"]}}],"collection":[{"href":"https:\/\/saleemx.com\/ar\/wp-json\/wp\/v2\/pages"}],"about":[{"href":"https:\/\/saleemx.com\/ar\/wp-json\/wp\/v2\/types\/page"}],"author":[{"embeddable":true,"href":"https:\/\/saleemx.com\/ar\/wp-json\/wp\/v2\/users\/1"}],"replies":[{"embeddable":true,"href":"https:\/\/saleemx.com\/ar\/wp-json\/wp\/v2\/comments?post=3958"}],"version-history":[{"count":6,"href":"https:\/\/saleemx.com\/ar\/wp-json\/wp\/v2\/pages\/3958\/revisions"}],"predecessor-version":[{"id":4664,"href":"https:\/\/saleemx.com\/ar\/wp-json\/wp\/v2\/pages\/3958\/revisions\/4664"}],"wp:attachment":[{"href":"https:\/\/saleemx.com\/ar\/wp-json\/wp\/v2\/media?parent=3958"}],"curies":[{"name":"wp","href":"https:\/\/api.w.org\/{rel}","templated":true}]}}